{"id":41,"date":"2025-02-04T13:25:09","date_gmt":"2025-02-04T13:25:09","guid":{"rendered":"https:\/\/versoilmiofuturo.com\/over-ons\/"},"modified":"2025-02-04T14:29:43","modified_gmt":"2025-02-04T14:29:43","slug":"over-ons","status":"publish","type":"page","link":"https:\/\/versoilmiofuturo.com\/ro\/over-ons\/","title":{"rendered":"Despre noi"},"content":{"rendered":"<p>Bine a\u021bi venit pe blogul nostru de mod\u0103! Aici ve\u021bi g\u0103si tot ce trebuie s\u0103 \u0219ti\u021bi despre cele mai recente tendin\u021be, sfaturi de stil \u0219i sugestii vestimentare pentru a v\u0103 re\u00eennoi garderoba. Scopul nostru este s\u0103 v\u0103 inspir\u0103m \u0219i s\u0103 v\u0103 ajut\u0103m s\u0103 face\u021bi cele mai bune alegeri vestimentare, fie c\u0103 sunte\u021bi \u00een c\u0103utarea unor \u021binute de zi cu zi sau a uneia speciale pentru o ocazie.<\/p>\n<p>Articolele noastre ofer\u0103 perspective detaliate asupra industriei modei, interviuri cu designeri \u0219i inspira\u021bie de pe podiumurile de mod\u0103 din \u00eentreaga lume. Suntem pasiona\u021bi de mod\u0103 \u0219i ne place s\u0103 \u00eemp\u0103rt\u0103\u0219im cuno\u0219tin\u021bele noastre cu voi!<\/p>\n<p><img loading=\"lazy\" decoding=\"async\" class=\"aligncenter wp-image-40 size-full\" src=\"https:\/\/versoilmiofuturo.com\/wp-content\/uploads\/modnye-zrelye-zhenshhiny-pokupki-odezhdy-v-modnom-butike.jpg\" alt=\"\" width=\"612\" height=\"408\" srcset=\"https:\/\/versoilmiofuturo.com\/wp-content\/uploads\/modnye-zrelye-zhenshhiny-pokupki-odezhdy-v-modnom-butike.jpg 612w, https:\/\/versoilmiofuturo.com\/wp-content\/uploads\/modnye-zrelye-zhenshhiny-pokupki-odezhdy-v-modnom-butike-300x200.jpg 300w\" sizes=\"auto, (max-width: 612px) 100vw, 612px\" \/><\/p>\n<h2>La ce v\u0103 pute\u021bi a\u0219tepta:<\/h2>\n<ul>\n<li>Cele mai recente tendin\u021be \u00een mod\u0103 \u0219i stil<\/li>\n<li>Perspectiv\u0103 asupra industriei modei \u0219i a designerilor<\/li>\n<li>Sfaturi pentru a crea \u021binute pentru fiecare ocazie<\/li>\n<li>Ghiduri de stil \u0219i cump\u0103r\u0103turi pentru fiecare buget<\/li>\n<li>Inspira\u021bie de la celebrit\u0103\u021bi \u0219i influen\u021be din mod\u0103<\/li>\n<\/ul>","protected":false},"excerpt":{"rendered":"<p>Bine a\u021bi venit pe blogul nostru de mod\u0103! Aici ve\u021bi g\u0103si tot ce trebuie s\u0103 \u0219ti\u021bi despre cele mai recente\u2026<\/p>\n<div class=\"more-link-wrapper\"><a class=\"more-link\" href=\"https:\/\/versoilmiofuturo.com\/ro\/over-ons\/\">Cite\u0219te postarea<span class=\"screen-reader-text\">Despre noi<\/span><\/a><\/div>","protected":false},"author":1,"featured_media":0,"parent":0,"menu_order":0,"comment_status":"closed","ping_status":"closed","template":"","meta":{"_acf_changed":false,"footnotes":""},"class_list":["post-41","page","type-page","status-publish","hentry","excerpt","zoom","full-without-featured","even","excerpt-0"],"acf":[],"yoast_head":"<!-- This site is optimized with the Yoast SEO plugin v23.2 - https:\/\/yoast.com\/wordpress\/plugins\/seo\/ -->\n<title>Over ons - versoilmiofuturo.com<\/title>\n<meta name=\"description\" content=\"Ontdek de laatste trends in mode met onze inspirerende artikelen en tips over kleding, accessoires en stijl.\" \/>\n<meta name=\"robots\" content=\"index, follow, max-snippet:-1, max-image-preview:large, max-video-preview:-1\" \/>\n<link rel=\"canonical\" href=\"https:\/\/versoilmiofuturo.com\/ro\/over-ons\/\" \/>\n<meta property=\"og:locale\" content=\"ro_RO\" \/>\n<meta property=\"og:type\" content=\"article\" \/>\n<meta property=\"og:title\" content=\"Over ons - versoilmiofuturo.com\" \/>\n<meta property=\"og:url\" content=\"https:\/\/versoilmiofuturo.com\/ro\/over-ons\/\" \/>\n<meta property=\"og:site_name\" content=\"versoilmiofuturo.com\" \/>\n<meta property=\"article:modified_time\" content=\"2025-02-04T14:29:43+00:00\" \/>\n<meta property=\"og:image\" content=\"https:\/\/versoilmiofuturo.com\/wp-content\/uploads\/modnye-zrelye-zhenshhiny-pokupki-odezhdy-v-modnom-butike.jpg\" \/>\n<meta name=\"twitter:card\" content=\"summary_large_image\" \/>\n<meta name=\"twitter:label1\" content=\"Timp estimat pentru citire\" \/>\n\t<meta name=\"twitter:data1\" content=\"1 minut\" \/>\n<script type=\"application\/ld+json\" class=\"yoast-schema-graph\">{\"@context\":\"https:\/\/schema.org\",\"@graph\":[{\"@type\":\"WebPage\",\"@id\":\"https:\/\/versoilmiofuturo.com\/over-ons\/\",\"url\":\"https:\/\/versoilmiofuturo.com\/over-ons\/\",\"name\":\"Over ons - versoilmiofuturo.com\",\"isPartOf\":{\"@id\":\"https:\/\/versoilmiofuturo.com\/#website\"},\"primaryImageOfPage\":{\"@id\":\"https:\/\/versoilmiofuturo.com\/over-ons\/#primaryimage\"},\"image\":{\"@id\":\"https:\/\/versoilmiofuturo.com\/over-ons\/#primaryimage\"},\"thumbnailUrl\":\"https:\/\/versoilmiofuturo.com\/wp-content\/uploads\/modnye-zrelye-zhenshhiny-pokupki-odezhdy-v-modnom-butike.jpg\",\"datePublished\":\"2025-02-04T13:25:09+00:00\",\"dateModified\":\"2025-02-04T14:29:43+00:00\",\"description\":\"Ontdek de laatste trends in mode met onze inspirerende artikelen en tips over kleding, accessoires en stijl.\",\"breadcrumb\":{\"@id\":\"https:\/\/versoilmiofuturo.com\/over-ons\/#breadcrumb\"},\"inLanguage\":\"ro-RO\",\"potentialAction\":[{\"@type\":\"ReadAction\",\"target\":[\"https:\/\/versoilmiofuturo.com\/over-ons\/\"]}]},{\"@type\":\"ImageObject\",\"inLanguage\":\"ro-RO\",\"@id\":\"https:\/\/versoilmiofuturo.com\/over-ons\/#primaryimage\",\"url\":\"https:\/\/versoilmiofuturo.com\/wp-content\/uploads\/modnye-zrelye-zhenshhiny-pokupki-odezhdy-v-modnom-butike.jpg\",\"contentUrl\":\"https:\/\/versoilmiofuturo.com\/wp-content\/uploads\/modnye-zrelye-zhenshhiny-pokupki-odezhdy-v-modnom-butike.jpg\"},{\"@type\":\"BreadcrumbList\",\"@id\":\"https:\/\/versoilmiofuturo.com\/over-ons\/#breadcrumb\",\"itemListElement\":[{\"@type\":\"ListItem\",\"position\":1,\"name\":\"Home\",\"item\":\"https:\/\/versoilmiofuturo.com\/\"},{\"@type\":\"ListItem\",\"position\":2,\"name\":\"Over ons\"}]},{\"@type\":\"WebSite\",\"@id\":\"https:\/\/versoilmiofuturo.com\/#website\",\"url\":\"https:\/\/versoilmiofuturo.com\/\",\"name\":\"versoilmiofuturo.com\",\"description\":\"Jouw gids naar ultieme mode-expressie\",\"potentialAction\":[{\"@type\":\"SearchAction\",\"target\":{\"@type\":\"EntryPoint\",\"urlTemplate\":\"https:\/\/versoilmiofuturo.com\/?s={search_term_string}\"},\"query-input\":\"required name=search_term_string\"}],\"inLanguage\":\"ro-RO\"}]}<\/script>\n<!-- \/ Yoast SEO plugin. -->","yoast_head_json":{"title":"Over ons - versoilmiofuturo.com","description":"Ontdek de laatste trends in mode met onze inspirerende artikelen en tips over kleding, accessoires en stijl.","robots":{"index":"index","follow":"follow","max-snippet":"max-snippet:-1","max-image-preview":"max-image-preview:large","max-video-preview":"max-video-preview:-1"},"canonical":"https:\/\/versoilmiofuturo.com\/ro\/over-ons\/","og_locale":"ro_RO","og_type":"article","og_title":"Over ons - versoilmiofuturo.com","og_url":"https:\/\/versoilmiofuturo.com\/ro\/over-ons\/","og_site_name":"versoilmiofuturo.com","article_modified_time":"2025-02-04T14:29:43+00:00","og_image":[{"url":"https:\/\/versoilmiofuturo.com\/wp-content\/uploads\/modnye-zrelye-zhenshhiny-pokupki-odezhdy-v-modnom-butike.jpg"}],"twitter_card":"summary_large_image","twitter_misc":{"Timp estimat pentru citire":"1 minut"},"schema":{"@context":"https:\/\/schema.org","@graph":[{"@type":"WebPage","@id":"https:\/\/versoilmiofuturo.com\/over-ons\/","url":"https:\/\/versoilmiofuturo.com\/over-ons\/","name":"Over ons - versoilmiofuturo.com","isPartOf":{"@id":"https:\/\/versoilmiofuturo.com\/#website"},"primaryImageOfPage":{"@id":"https:\/\/versoilmiofuturo.com\/over-ons\/#primaryimage"},"image":{"@id":"https:\/\/versoilmiofuturo.com\/over-ons\/#primaryimage"},"thumbnailUrl":"https:\/\/versoilmiofuturo.com\/wp-content\/uploads\/modnye-zrelye-zhenshhiny-pokupki-odezhdy-v-modnom-butike.jpg","datePublished":"2025-02-04T13:25:09+00:00","dateModified":"2025-02-04T14:29:43+00:00","description":"Ontdek de laatste trends in mode met onze inspirerende artikelen en tips over kleding, accessoires en stijl.","breadcrumb":{"@id":"https:\/\/versoilmiofuturo.com\/over-ons\/#breadcrumb"},"inLanguage":"ro-RO","potentialAction":[{"@type":"ReadAction","target":["https:\/\/versoilmiofuturo.com\/over-ons\/"]}]},{"@type":"ImageObject","inLanguage":"ro-RO","@id":"https:\/\/versoilmiofuturo.com\/over-ons\/#primaryimage","url":"https:\/\/versoilmiofuturo.com\/wp-content\/uploads\/modnye-zrelye-zhenshhiny-pokupki-odezhdy-v-modnom-butike.jpg","contentUrl":"https:\/\/versoilmiofuturo.com\/wp-content\/uploads\/modnye-zrelye-zhenshhiny-pokupki-odezhdy-v-modnom-butike.jpg"},{"@type":"BreadcrumbList","@id":"https:\/\/versoilmiofuturo.com\/over-ons\/#breadcrumb","itemListElement":[{"@type":"ListItem","position":1,"name":"Home","item":"https:\/\/versoilmiofuturo.com\/"},{"@type":"ListItem","position":2,"name":"Over ons"}]},{"@type":"WebSite","@id":"https:\/\/versoilmiofuturo.com\/#website","url":"https:\/\/versoilmiofuturo.com\/","name":"versoilmiofuturo.com","description":"Jouw gids naar ultieme mode-expressie","potentialAction":[{"@type":"SearchAction","target":{"@type":"EntryPoint","urlTemplate":"https:\/\/versoilmiofuturo.com\/?s={search_term_string}"},"query-input":"required name=search_term_string"}],"inLanguage":"ro-RO"}]}},"yoast_meta":{"yoast_wpseo_title":"","yoast_wpseo_metadesc":"","yoast_wpseo_canonical":"https:\/\/versoilmiofuturo.com\/ro\/wp-json\/wp\/v2\/pages\/41"},"_links":{"self":[{"href":"https:\/\/versoilmiofuturo.com\/ro\/wp-json\/wp\/v2\/pages\/41","targetHints":{"allow":["GET"]}}],"collection":[{"href":"https:\/\/versoilmiofuturo.com\/ro\/wp-json\/wp\/v2\/pages"}],"about":[{"href":"https:\/\/versoilmiofuturo.com\/ro\/wp-json\/wp\/v2\/types\/page"}],"author":[{"embeddable":true,"href":"https:\/\/versoilmiofuturo.com\/ro\/wp-json\/wp\/v2\/users\/1"}],"replies":[{"embeddable":true,"href":"https:\/\/versoilmiofuturo.com\/ro\/wp-json\/wp\/v2\/comments?post=41"}],"version-history":[{"count":1,"href":"https:\/\/versoilmiofuturo.com\/ro\/wp-json\/wp\/v2\/pages\/41\/revisions"}],"predecessor-version":[{"id":50,"href":"https:\/\/versoilmiofuturo.com\/ro\/wp-json\/wp\/v2\/pages\/41\/revisions\/50"}],"wp:attachment":[{"href":"https:\/\/versoilmiofuturo.com\/ro\/wp-json\/wp\/v2\/media?parent=41"}],"curies":[{"name":"wp","href":"https:\/\/api.w.org\/{rel}","templated":true}]}}